{"id":1620,"date":"2025-04-28T22:28:44","date_gmt":"2025-04-28T20:28:44","guid":{"rendered":"https:\/\/taxivtc33.fr\/produit\/680fe4fc321ea\/"},"modified":"2025-05-01T14:02:32","modified_gmt":"2025-05-01T12:02:32","slug":"681362d833ff7","status":"publish","type":"product","link":"https:\/\/taxivtc33.fr\/en\/product\/681362d833ff7\/","title":{"rendered":"Tesla Model Y"},"content":{"rendered":"","protected":false},"excerpt":{"rendered":"","protected":false},"featured_media":1330,"comment_status":"open","ping_status":"closed","template":"","meta":{"_uag_custom_page_level_css":"","ocean_post_layout":"","ocean_both_sidebars_style":"","ocean_both_sidebars_content_width":0,"ocean_both_sidebars_sidebars_width":0,"ocean_sidebar":"","ocean_second_sidebar":"","ocean_disable_margins":"enable","ocean_add_body_class":"","ocean_shortcode_before_top_bar":"","ocean_shortcode_after_top_bar":"","ocean_shortcode_before_header":"","ocean_shortcode_after_header":"","ocean_has_shortcode":"","ocean_shortcode_after_title":"","ocean_shortcode_before_footer_widgets":"","ocean_shortcode_after_footer_widgets":"","ocean_shortcode_before_footer_bottom":"","ocean_shortcode_after_footer_bottom":"","ocean_display_top_bar":"default","ocean_display_header":"default","ocean_header_style":"","ocean_center_header_left_menu":"","ocean_custom_header_template":"","ocean_custom_logo":0,"ocean_custom_retina_logo":0,"ocean_custom_logo_max_width":0,"ocean_custom_logo_tablet_max_width":0,"ocean_custom_logo_mobile_max_width":0,"ocean_custom_logo_max_height":0,"ocean_custom_logo_tablet_max_height":0,"ocean_custom_logo_mobile_max_height":0,"ocean_header_custom_menu":"","ocean_menu_typo_font_family":"","ocean_menu_typo_font_subset":"","ocean_menu_typo_font_size":0,"ocean_menu_typo_font_size_tablet":0,"ocean_menu_typo_font_size_mobile":0,"ocean_menu_typo_font_size_unit":"px","ocean_menu_typo_font_weight":"","ocean_menu_typo_font_weight_tablet":"","ocean_menu_typo_font_weight_mobile":"","ocean_menu_typo_transform":"","ocean_menu_typo_transform_tablet":"","ocean_menu_typo_transform_mobile":"","ocean_menu_typo_line_height":0,"ocean_menu_typo_line_height_tablet":0,"ocean_menu_typo_line_height_mobile":0,"ocean_menu_typo_line_height_unit":"","ocean_menu_typo_spacing":0,"ocean_menu_typo_spacing_tablet":0,"ocean_menu_typo_spacing_mobile":0,"ocean_menu_typo_spacing_unit":"","ocean_menu_link_color":"","ocean_menu_link_color_hover":"","ocean_menu_link_color_active":"","ocean_menu_link_background":"","ocean_menu_link_hover_background":"","ocean_menu_link_active_background":"","ocean_menu_social_links_bg":"","ocean_menu_social_hover_links_bg":"","ocean_menu_social_links_color":"","ocean_menu_social_hover_links_color":"","ocean_disable_title":"default","ocean_disable_heading":"default","ocean_post_title":"","ocean_post_subheading":"","ocean_post_title_style":"","ocean_post_title_background_color":"","ocean_post_title_background":0,"ocean_post_title_bg_image_position":"","ocean_post_title_bg_image_attachment":"","ocean_post_title_bg_image_repeat":"","ocean_post_title_bg_image_size":"","ocean_post_title_height":0,"ocean_post_title_bg_overlay":0.5,"ocean_post_title_bg_overlay_color":"","ocean_disable_breadcrumbs":"default","ocean_breadcrumbs_color":"","ocean_breadcrumbs_separator_color":"","ocean_breadcrumbs_links_color":"","ocean_breadcrumbs_links_hover_color":"","ocean_display_footer_widgets":"default","ocean_display_footer_bottom":"default","ocean_custom_footer_template":"","_joinchat":[]},"product_brand":[],"product_cat":[],"product_tag":[],"class_list":{"0":"post-1620","1":"product","2":"type-product","3":"status-publish","4":"has-post-thumbnail","7":"entry","8":"has-media","10":"first","11":"instock","12":"virtual","13":"sold-individually","14":"purchasable","15":"product-type-simple","16":"has-product-nav","17":"col","18":"span_1_of_3","19":"owp-content-center","20":"owp-thumbs-layout-horizontal","21":"owp-btn-normal","22":"owp-tabs-layout-horizontal","23":"has-no-thumbnails"},"yoast_head":"<!-- This site is optimized with the Yoast SEO plugin v27.4 - https:\/\/yoast.com\/product\/yoast-seo-wordpress\/ -->\n<title>Tesla Model Y - Taxi Bordeaux | Driver Wine tour | R\u00e9servation Taxi<\/title>\n<meta name=\"robots\" content=\"index, follow, max-snippet:-1, max-image-preview:large, max-video-preview:-1\" \/>\n<link rel=\"canonical\" href=\"https:\/\/taxivtc33.fr\/en\/product\/681362d833ff7\/\" \/>\n<meta property=\"og:locale\" content=\"en_US\" \/>\n<meta property=\"og:type\" content=\"article\" \/>\n<meta property=\"og:title\" content=\"Tesla Model Y - Taxi Bordeaux | Driver Wine tour | R\u00e9servation Taxi\" \/>\n<meta property=\"og:url\" content=\"https:\/\/taxivtc33.fr\/en\/product\/681362d833ff7\/\" \/>\n<meta property=\"og:site_name\" content=\"Taxi Bordeaux | Driver Wine tour | R\u00e9servation Taxi\" \/>\n<meta property=\"article:modified_time\" content=\"2025-05-01T12:02:32+00:00\" \/>\n<meta property=\"og:image\" content=\"https:\/\/taxivtc33.fr\/wp-content\/uploads\/2024\/06\/Chauffeu-vtc-bordeaux-Tesla-Model-X.png\" \/>\n\t<meta property=\"og:image:width\" content=\"1800\" \/>\n\t<meta property=\"og:image:height\" content=\"1000\" \/>\n\t<meta property=\"og:image:type\" content=\"image\/png\" \/>\n<meta name=\"twitter:card\" content=\"summary_large_image\" \/>\n<script type=\"application\/ld+json\" class=\"yoast-schema-graph\">{\"@context\":\"https:\\\/\\\/schema.org\",\"@graph\":[{\"@type\":\"WebPage\",\"@id\":\"https:\\\/\\\/taxivtc33.fr\\\/produit\\\/681362d833ff7\\\/\",\"url\":\"https:\\\/\\\/taxivtc33.fr\\\/produit\\\/681362d833ff7\\\/\",\"name\":\"Tesla Model Y - Taxi Bordeaux | Driver Wine tour | R\u00e9servation Taxi\",\"isPartOf\":{\"@id\":\"https:\\\/\\\/taxivtc33.fr\\\/#website\"},\"primaryImageOfPage\":{\"@id\":\"https:\\\/\\\/taxivtc33.fr\\\/produit\\\/681362d833ff7\\\/#primaryimage\"},\"image\":{\"@id\":\"https:\\\/\\\/taxivtc33.fr\\\/produit\\\/681362d833ff7\\\/#primaryimage\"},\"thumbnailUrl\":\"https:\\\/\\\/taxivtc33.fr\\\/wp-content\\\/uploads\\\/2024\\\/06\\\/Chauffeu-vtc-bordeaux-Tesla-Model-X.png\",\"datePublished\":\"2025-04-28T20:28:44+00:00\",\"dateModified\":\"2025-05-01T12:02:32+00:00\",\"breadcrumb\":{\"@id\":\"https:\\\/\\\/taxivtc33.fr\\\/produit\\\/681362d833ff7\\\/#breadcrumb\"},\"inLanguage\":\"en-US\",\"potentialAction\":[{\"@type\":\"ReadAction\",\"target\":[\"https:\\\/\\\/taxivtc33.fr\\\/produit\\\/681362d833ff7\\\/\"]}]},{\"@type\":\"ImageObject\",\"inLanguage\":\"en-US\",\"@id\":\"https:\\\/\\\/taxivtc33.fr\\\/produit\\\/681362d833ff7\\\/#primaryimage\",\"url\":\"https:\\\/\\\/taxivtc33.fr\\\/wp-content\\\/uploads\\\/2024\\\/06\\\/Chauffeu-vtc-bordeaux-Tesla-Model-X.png\",\"contentUrl\":\"https:\\\/\\\/taxivtc33.fr\\\/wp-content\\\/uploads\\\/2024\\\/06\\\/Chauffeu-vtc-bordeaux-Tesla-Model-X.png\",\"width\":1800,\"height\":1000},{\"@type\":\"BreadcrumbList\",\"@id\":\"https:\\\/\\\/taxivtc33.fr\\\/produit\\\/681362d833ff7\\\/#breadcrumb\",\"itemListElement\":[{\"@type\":\"ListItem\",\"position\":1,\"name\":\"Accueil\",\"item\":\"https:\\\/\\\/taxivtc33.fr\\\/\"},{\"@type\":\"ListItem\",\"position\":2,\"name\":\"Boutique\",\"item\":\"https:\\\/\\\/taxivtc33.fr\\\/boutique\\\/\"},{\"@type\":\"ListItem\",\"position\":3,\"name\":\"Tesla Model Y\"}]},{\"@type\":\"WebSite\",\"@id\":\"https:\\\/\\\/taxivtc33.fr\\\/#website\",\"url\":\"https:\\\/\\\/taxivtc33.fr\\\/\",\"name\":\"Taxi Bordeaux | Driver Wine tour | R\u00e9servation Taxi\",\"description\":\"R\u00e9servation Taxi pour tous types de trajets, transfert a\u00e9roport bordeaux m\u00e9rignac , transfert gare saint jean de bordeaux , trajet en ville ou mise \u00e0 disposition , nos chauffeurs sont disponibles 24h\\\/24 et 7j\\\/7\",\"publisher\":{\"@id\":\"https:\\\/\\\/taxivtc33.fr\\\/#organization\"},\"potentialAction\":[{\"@type\":\"SearchAction\",\"target\":{\"@type\":\"EntryPoint\",\"urlTemplate\":\"https:\\\/\\\/taxivtc33.fr\\\/?s={search_term_string}\"},\"query-input\":{\"@type\":\"PropertyValueSpecification\",\"valueRequired\":true,\"valueName\":\"search_term_string\"}}],\"inLanguage\":\"en-US\"},{\"@type\":\"Organization\",\"@id\":\"https:\\\/\\\/taxivtc33.fr\\\/#organization\",\"name\":\"Taxi Bordeaux | Driver Wine tour | R\u00e9servation Taxi\",\"url\":\"https:\\\/\\\/taxivtc33.fr\\\/\",\"logo\":{\"@type\":\"ImageObject\",\"inLanguage\":\"en-US\",\"@id\":\"https:\\\/\\\/taxivtc33.fr\\\/#\\\/schema\\\/logo\\\/image\\\/\",\"url\":\"https:\\\/\\\/taxivtc33.fr\\\/wp-content\\\/uploads\\\/2024\\\/06\\\/cropped-VTC-GIRONDE.png\",\"contentUrl\":\"https:\\\/\\\/taxivtc33.fr\\\/wp-content\\\/uploads\\\/2024\\\/06\\\/cropped-VTC-GIRONDE.png\",\"width\":500,\"height\":381,\"caption\":\"Taxi Bordeaux | Driver Wine tour | R\u00e9servation Taxi\"},\"image\":{\"@id\":\"https:\\\/\\\/taxivtc33.fr\\\/#\\\/schema\\\/logo\\\/image\\\/\"}}]}<\/script>\n<!-- \/ Yoast SEO plugin. -->","yoast_head_json":{"title":"Tesla Model Y - Taxi Bordeaux | Driver Wine tour | R\u00e9servation Taxi","robots":{"index":"index","follow":"follow","max-snippet":"max-snippet:-1","max-image-preview":"max-image-preview:large","max-video-preview":"max-video-preview:-1"},"canonical":"https:\/\/taxivtc33.fr\/en\/product\/681362d833ff7\/","og_locale":"en_US","og_type":"article","og_title":"Tesla Model Y - Taxi Bordeaux | Driver Wine tour | R\u00e9servation Taxi","og_url":"https:\/\/taxivtc33.fr\/en\/product\/681362d833ff7\/","og_site_name":"Taxi Bordeaux | Driver Wine tour | R\u00e9servation Taxi","article_modified_time":"2025-05-01T12:02:32+00:00","og_image":[{"width":1800,"height":1000,"url":"https:\/\/taxivtc33.fr\/wp-content\/uploads\/2024\/06\/Chauffeu-vtc-bordeaux-Tesla-Model-X.png","type":"image\/png"}],"twitter_card":"summary_large_image","schema":{"@context":"https:\/\/schema.org","@graph":[{"@type":"WebPage","@id":"https:\/\/taxivtc33.fr\/produit\/681362d833ff7\/","url":"https:\/\/taxivtc33.fr\/produit\/681362d833ff7\/","name":"Tesla Model Y - Taxi Bordeaux | Driver Wine tour | R\u00e9servation Taxi","isPartOf":{"@id":"https:\/\/taxivtc33.fr\/#website"},"primaryImageOfPage":{"@id":"https:\/\/taxivtc33.fr\/produit\/681362d833ff7\/#primaryimage"},"image":{"@id":"https:\/\/taxivtc33.fr\/produit\/681362d833ff7\/#primaryimage"},"thumbnailUrl":"https:\/\/taxivtc33.fr\/wp-content\/uploads\/2024\/06\/Chauffeu-vtc-bordeaux-Tesla-Model-X.png","datePublished":"2025-04-28T20:28:44+00:00","dateModified":"2025-05-01T12:02:32+00:00","breadcrumb":{"@id":"https:\/\/taxivtc33.fr\/produit\/681362d833ff7\/#breadcrumb"},"inLanguage":"en-US","potentialAction":[{"@type":"ReadAction","target":["https:\/\/taxivtc33.fr\/produit\/681362d833ff7\/"]}]},{"@type":"ImageObject","inLanguage":"en-US","@id":"https:\/\/taxivtc33.fr\/produit\/681362d833ff7\/#primaryimage","url":"https:\/\/taxivtc33.fr\/wp-content\/uploads\/2024\/06\/Chauffeu-vtc-bordeaux-Tesla-Model-X.png","contentUrl":"https:\/\/taxivtc33.fr\/wp-content\/uploads\/2024\/06\/Chauffeu-vtc-bordeaux-Tesla-Model-X.png","width":1800,"height":1000},{"@type":"BreadcrumbList","@id":"https:\/\/taxivtc33.fr\/produit\/681362d833ff7\/#breadcrumb","itemListElement":[{"@type":"ListItem","position":1,"name":"Accueil","item":"https:\/\/taxivtc33.fr\/"},{"@type":"ListItem","position":2,"name":"Boutique","item":"https:\/\/taxivtc33.fr\/boutique\/"},{"@type":"ListItem","position":3,"name":"Tesla Model Y"}]},{"@type":"WebSite","@id":"https:\/\/taxivtc33.fr\/#website","url":"https:\/\/taxivtc33.fr\/","name":"Taxi Bordeaux | Driver Wine tour | R\u00e9servation Taxi","description":"R\u00e9servation Taxi pour tous types de trajets, transfert a\u00e9roport bordeaux m\u00e9rignac , transfert gare saint jean de bordeaux , trajet en ville ou mise \u00e0 disposition , nos chauffeurs sont disponibles 24h\/24 et 7j\/7","publisher":{"@id":"https:\/\/taxivtc33.fr\/#organization"},"potentialAction":[{"@type":"SearchAction","target":{"@type":"EntryPoint","urlTemplate":"https:\/\/taxivtc33.fr\/?s={search_term_string}"},"query-input":{"@type":"PropertyValueSpecification","valueRequired":true,"valueName":"search_term_string"}}],"inLanguage":"en-US"},{"@type":"Organization","@id":"https:\/\/taxivtc33.fr\/#organization","name":"Taxi Bordeaux | Driver Wine tour | R\u00e9servation Taxi","url":"https:\/\/taxivtc33.fr\/","logo":{"@type":"ImageObject","inLanguage":"en-US","@id":"https:\/\/taxivtc33.fr\/#\/schema\/logo\/image\/","url":"https:\/\/taxivtc33.fr\/wp-content\/uploads\/2024\/06\/cropped-VTC-GIRONDE.png","contentUrl":"https:\/\/taxivtc33.fr\/wp-content\/uploads\/2024\/06\/cropped-VTC-GIRONDE.png","width":500,"height":381,"caption":"Taxi Bordeaux | Driver Wine tour | R\u00e9servation Taxi"},"image":{"@id":"https:\/\/taxivtc33.fr\/#\/schema\/logo\/image\/"}}]}},"uagb_featured_image_src":{"full":["https:\/\/taxivtc33.fr\/wp-content\/uploads\/2024\/06\/Chauffeu-vtc-bordeaux-Tesla-Model-X.png",1800,1000,false],"thumbnail":["https:\/\/taxivtc33.fr\/wp-content\/uploads\/2024\/06\/Chauffeu-vtc-bordeaux-Tesla-Model-X-150x150.png",150,150,true],"medium":["https:\/\/taxivtc33.fr\/wp-content\/uploads\/2024\/06\/Chauffeu-vtc-bordeaux-Tesla-Model-X-300x167.png",300,167,true],"medium_large":["https:\/\/taxivtc33.fr\/wp-content\/uploads\/2024\/06\/Chauffeu-vtc-bordeaux-Tesla-Model-X-768x427.png",768,427,true],"large":["https:\/\/taxivtc33.fr\/wp-content\/uploads\/2024\/06\/Chauffeu-vtc-bordeaux-Tesla-Model-X-1024x569.png",1024,569,true],"1536x1536":["https:\/\/taxivtc33.fr\/wp-content\/uploads\/2024\/06\/Chauffeu-vtc-bordeaux-Tesla-Model-X-1536x853.png",1536,853,true],"2048x2048":["https:\/\/taxivtc33.fr\/wp-content\/uploads\/2024\/06\/Chauffeu-vtc-bordeaux-Tesla-Model-X.png",1800,1000,false],"trp-custom-language-flag":["https:\/\/taxivtc33.fr\/wp-content\/uploads\/2024\/06\/Chauffeu-vtc-bordeaux-Tesla-Model-X.png",18,10,false],"ocean-thumb-m":["https:\/\/taxivtc33.fr\/wp-content\/uploads\/2024\/06\/Chauffeu-vtc-bordeaux-Tesla-Model-X-600x600.png",600,600,true],"ocean-thumb-ml":["https:\/\/taxivtc33.fr\/wp-content\/uploads\/2024\/06\/Chauffeu-vtc-bordeaux-Tesla-Model-X-800x450.png",800,450,true],"ocean-thumb-l":["https:\/\/taxivtc33.fr\/wp-content\/uploads\/2024\/06\/Chauffeu-vtc-bordeaux-Tesla-Model-X-1200x700.png",1200,700,true],"woocommerce_thumbnail":["https:\/\/taxivtc33.fr\/wp-content\/uploads\/2024\/06\/Chauffeu-vtc-bordeaux-Tesla-Model-X-300x300.png",300,300,true],"woocommerce_single":["https:\/\/taxivtc33.fr\/wp-content\/uploads\/2024\/06\/Chauffeu-vtc-bordeaux-Tesla-Model-X.png",600,333,false],"woocommerce_gallery_thumbnail":["https:\/\/taxivtc33.fr\/wp-content\/uploads\/2024\/06\/Chauffeu-vtc-bordeaux-Tesla-Model-X-100x100.png",100,100,true]},"uagb_author_info":{"display_name":"taxivtc33.fr","author_link":"https:\/\/taxivtc33.fr\/en\/author\/"},"uagb_comment_info":0,"uagb_excerpt":null,"_links":{"self":[{"href":"https:\/\/taxivtc33.fr\/en\/wp-json\/wp\/v2\/product\/1620","targetHints":{"allow":["GET"]}}],"collection":[{"href":"https:\/\/taxivtc33.fr\/en\/wp-json\/wp\/v2\/product"}],"about":[{"href":"https:\/\/taxivtc33.fr\/en\/wp-json\/wp\/v2\/types\/product"}],"replies":[{"embeddable":true,"href":"https:\/\/taxivtc33.fr\/en\/wp-json\/wp\/v2\/comments?post=1620"}],"wp:featuredmedia":[{"embeddable":true,"href":"https:\/\/taxivtc33.fr\/en\/wp-json\/wp\/v2\/media\/1330"}],"wp:attachment":[{"href":"https:\/\/taxivtc33.fr\/en\/wp-json\/wp\/v2\/media?parent=1620"}],"wp:term":[{"taxonomy":"product_brand","embeddable":true,"href":"https:\/\/taxivtc33.fr\/en\/wp-json\/wp\/v2\/product_brand?post=1620"},{"taxonomy":"product_cat","embeddable":true,"href":"https:\/\/taxivtc33.fr\/en\/wp-json\/wp\/v2\/product_cat?post=1620"},{"taxonomy":"product_tag","embeddable":true,"href":"https:\/\/taxivtc33.fr\/en\/wp-json\/wp\/v2\/product_tag?post=1620"}],"curies":[{"name":"wp","href":"https:\/\/api.w.org\/{rel}","templated":true}]}}