{"id":691,"date":"2024-05-01T22:43:10","date_gmt":"2024-05-01T20:43:10","guid":{"rendered":"https:\/\/taxivtc33.fr\/?page_id=691"},"modified":"2024-05-01T22:54:41","modified_gmt":"2024-05-01T20:54:41","slug":"transfert-aeroport-gare","status":"publish","type":"page","link":"https:\/\/taxivtc33.fr\/en\/transfert-aeroport-gare\/","title":{"rendered":"Transfert A\u00e9roport\/Gare"},"content":{"rendered":"<div data-elementor-type=\"wp-page\" data-elementor-id=\"691\" class=\"elementor elementor-691\">\n\t\t\t\t<div class=\"elementor-element elementor-element-b8baafe e-flex e-con-boxed e-con e-parent\" data-id=\"b8baafe\" data-element_type=\"container\" data-e-type=\"container\">\n\t\t\t\t\t<div class=\"e-con-inner\">\n\t\t\t\t<div class=\"elementor-element elementor-element-cfca13d elementor-arrows-position-inside elementor-pagination-position-outside elementor-widget elementor-widget-image-carousel\" data-id=\"cfca13d\" data-element_type=\"widget\" data-e-type=\"widget\" data-settings=\"{&quot;navigation&quot;:&quot;both&quot;,&quot;autoplay&quot;:&quot;yes&quot;,&quot;pause_on_hover&quot;:&quot;yes&quot;,&quot;pause_on_interaction&quot;:&quot;yes&quot;,&quot;autoplay_speed&quot;:5000,&quot;infinite&quot;:&quot;yes&quot;,&quot;speed&quot;:500}\" data-widget_type=\"image-carousel.default\">\n\t\t\t\t<div class=\"elementor-widget-container\">\n\t\t\t\t\t\t\t<div class=\"elementor-image-carousel-wrapper swiper\" role=\"region\" aria-roledescription=\"carousel\" aria-label=\"Carrousel d\u2019images\" dir=\"ltr\">\n\t\t\t<div class=\"elementor-image-carousel swiper-wrapper\" aria-live=\"off\">\n\t\t\t\t\t\t\t\t<div class=\"swiper-slide\" role=\"group\" aria-roledescription=\"slide\" aria-label=\"1 sur 4\"><figure class=\"swiper-slide-inner\"><img decoding=\"async\" class=\"swiper-slide-image\" src=\"https:\/\/taxivtc33.fr\/wp-content\/uploads\/2024\/05\/shutterstock_748641562-1024x683.jpg\" alt=\"Bordeaux,,France,-,October,27,,2017,:,Trains,Arrived,In\" \/><\/figure><\/div><div class=\"swiper-slide\" role=\"group\" aria-roledescription=\"slide\" aria-label=\"2 sur 4\"><figure class=\"swiper-slide-inner\"><img decoding=\"async\" class=\"swiper-slide-image\" src=\"https:\/\/taxivtc33.fr\/wp-content\/uploads\/2024\/05\/shutterstock_1990200377-1024x683.jpg\" alt=\"Istanbul,,Turkey,-,June,11,2021,:,Mercedes-benz,Combines,Comfort\" \/><\/figure><\/div><div class=\"swiper-slide\" role=\"group\" aria-roledescription=\"slide\" aria-label=\"3 sur 4\"><figure class=\"swiper-slide-inner\"><img decoding=\"async\" class=\"swiper-slide-image\" src=\"https:\/\/taxivtc33.fr\/wp-content\/uploads\/2024\/05\/shutterstock_113122606-1024x678.jpg\" alt=\"Bordeaux,River,Bridge,With,St,Michel,Cathedral\" \/><\/figure><\/div><div class=\"swiper-slide\" role=\"group\" aria-roledescription=\"slide\" aria-label=\"4 sur 4\"><figure class=\"swiper-slide-inner\"><img decoding=\"async\" class=\"swiper-slide-image\" src=\"https:\/\/taxivtc33.fr\/wp-content\/uploads\/2024\/05\/shutterstock_2013279467-1024x683.jpg\" alt=\"Riga,,Latvia,21,July,2021,Limousine,Transfer,Chauffeur,With,Chauffeur\" \/><\/figure><\/div>\t\t\t<\/div>\n\t\t\t\t\t\t\t\t\t\t\t\t<div class=\"elementor-swiper-button elementor-swiper-button-prev\" role=\"button\" tabindex=\"0\">\n\t\t\t\t\t\t<svg aria-hidden=\"true\" class=\"e-font-icon-svg e-eicon-chevron-left\" viewbox=\"0 0 1000 1000\" xmlns=\"http:\/\/www.w3.org\/2000\/svg\"><path d=\"M646 125C629 125 613 133 604 142L308 442C296 454 292 471 292 487 292 504 296 521 308 533L604 854C617 867 629 875 646 875 663 875 679 871 692 858 704 846 713 829 713 812 713 796 708 779 692 767L438 487 692 225C700 217 708 204 708 187 708 171 704 154 692 142 675 129 663 125 646 125Z\"><\/path><\/svg>\t\t\t\t\t<\/div>\n\t\t\t\t\t<div class=\"elementor-swiper-button elementor-swiper-button-next\" role=\"button\" tabindex=\"0\">\n\t\t\t\t\t\t<svg aria-hidden=\"true\" class=\"e-font-icon-svg e-eicon-chevron-right\" viewbox=\"0 0 1000 1000\" xmlns=\"http:\/\/www.w3.org\/2000\/svg\"><path d=\"M696 533C708 521 713 504 713 487 713 471 708 454 696 446L400 146C388 133 375 125 354 125 338 125 325 129 313 142 300 154 292 171 292 187 292 204 296 221 308 233L563 492 304 771C292 783 288 800 288 817 288 833 296 850 308 863 321 871 338 875 354 875 371 875 388 867 400 854L696 533Z\"><\/path><\/svg>\t\t\t\t\t<\/div>\n\t\t\t\t\n\t\t\t\t\t\t\t\t\t<div class=\"swiper-pagination\"><\/div>\n\t\t\t\t\t\t\t\t\t<\/div>\n\t\t\t\t\t\t<\/div>\n\t\t\t\t<\/div>\n\t\t\t\t\t<\/div>\n\t\t\t\t<\/div>\n\t\t<div class=\"elementor-element elementor-element-7aeddea e-flex e-con-boxed e-con e-parent\" data-id=\"7aeddea\" data-element_type=\"container\" data-e-type=\"container\">\n\t\t\t\t\t<div class=\"e-con-inner\">\n\t\t\t\t<div class=\"elementor-element elementor-element-beba4a4 elementor-widget elementor-widget-heading\" data-id=\"beba4a4\" data-element_type=\"widget\" data-e-type=\"widget\" data-widget_type=\"heading.default\">\n\t\t\t\t<div class=\"elementor-widget-container\">\n\t\t\t\t\t<h2 class=\"elementor-heading-title elementor-size-default\">Transfert A\u00e9roport M\u00e9rignac\/Gare Saint-jean<\/h2>\t\t\t\t<\/div>\n\t\t\t\t<\/div>\n\t\t\t\t\t<\/div>\n\t\t\t\t<\/div>\n\t\t<div class=\"elementor-element elementor-element-8bef4d4 e-flex e-con-boxed e-con e-parent\" data-id=\"8bef4d4\" data-element_type=\"container\" data-e-type=\"container\">\n\t\t\t\t\t<div class=\"e-con-inner\">\n\t\t\t\t<div class=\"elementor-element elementor-element-50ffbb1 elementor-widget elementor-widget-text-editor\" data-id=\"50ffbb1\" data-element_type=\"widget\" data-e-type=\"widget\" data-widget_type=\"text-editor.default\">\n\t\t\t\t<div class=\"elementor-widget-container\">\n\t\t\t\t\t\t\t\t\t<p>Lorsque vous voyagez entre la gare et l&rsquo;a\u00e9roport \u00e0 Bordeaux, notre service de transfert vous garantit une exp\u00e9rience fiable et professionnelle \u00e0 chaque \u00e9tape du trajet. Nos chauffeurs, r\u00e9put\u00e9s pour leur ponctualit\u00e9 et leur professionnalisme, vous accueilleront \u00e0 l&rsquo;heure convenue, vous assurant ainsi un d\u00e9part en toute tranquillit\u00e9. Leur connaissance approfondie de la r\u00e9gion et leur expertise de conduite vous garantissent un trajet fluide et s\u00e9curis\u00e9, vous permettant d&rsquo;arriver \u00e0 destination \u00e0 temps et sans stress. Que vous partiez en voyage d&rsquo;affaires ou en vacances, notre engagement envers la qualit\u00e9 du service vous assure une exp\u00e9rience de voyage in\u00e9gal\u00e9e \u00e0 Bordeaux.<\/p>\t\t\t\t\t\t\t\t<\/div>\n\t\t\t\t<\/div>\n\t\t\t\t\t<\/div>\n\t\t\t\t<\/div>\n\t\t\t\t<\/div>","protected":false},"excerpt":{"rendered":"<p>Transfert A\u00e9roport M\u00e9rignac\/Gare Saint-jean Lorsque vous voyagez entre la gare et l&rsquo;a\u00e9roport \u00e0 Bordeaux, notre service de transfert vous garantit une exp\u00e9rience fiable et professionnelle \u00e0 chaque \u00e9tape du trajet. Nos chauffeurs, r\u00e9put\u00e9s pour leur ponctualit\u00e9 et leur professionnalisme, vous accueilleront \u00e0 l&rsquo;heure convenue, vous assurant ainsi un d\u00e9part en toute tranquillit\u00e9. Leur connaissance approfondie [&hellip;]<\/p>","protected":false},"author":1,"featured_media":0,"parent":0,"menu_order":0,"comment_status":"closed","ping_status":"closed","template":"","meta":{"_uag_custom_page_level_css":"","ocean_post_layout":"","ocean_both_sidebars_style":"","ocean_both_sidebars_content_width":0,"ocean_both_sidebars_sidebars_width":0,"ocean_sidebar":"","ocean_second_sidebar":"","ocean_disable_margins":"enable","ocean_add_body_class":"","ocean_shortcode_before_top_bar":"","ocean_shortcode_after_top_bar":"","ocean_shortcode_before_header":"","ocean_shortcode_after_header":"","ocean_has_shortcode":"","ocean_shortcode_after_title":"","ocean_shortcode_before_footer_widgets":"","ocean_shortcode_after_footer_widgets":"","ocean_shortcode_before_footer_bottom":"","ocean_shortcode_after_footer_bottom":"","ocean_display_top_bar":"default","ocean_display_header":"default","ocean_header_style":"","ocean_center_header_left_menu":"","ocean_custom_header_template":"","ocean_custom_logo":0,"ocean_custom_retina_logo":0,"ocean_custom_logo_max_width":0,"ocean_custom_logo_tablet_max_width":0,"ocean_custom_logo_mobile_max_width":0,"ocean_custom_logo_max_height":0,"ocean_custom_logo_tablet_max_height":0,"ocean_custom_logo_mobile_max_height":0,"ocean_header_custom_menu":"","ocean_menu_typo_font_family":"","ocean_menu_typo_font_subset":"","ocean_menu_typo_font_size":0,"ocean_menu_typo_font_size_tablet":0,"ocean_menu_typo_font_size_mobile":0,"ocean_menu_typo_font_size_unit":"px","ocean_menu_typo_font_weight":"","ocean_menu_typo_font_weight_tablet":"","ocean_menu_typo_font_weight_mobile":"","ocean_menu_typo_transform":"","ocean_menu_typo_transform_tablet":"","ocean_menu_typo_transform_mobile":"","ocean_menu_typo_line_height":0,"ocean_menu_typo_line_height_tablet":0,"ocean_menu_typo_line_height_mobile":0,"ocean_menu_typo_line_height_unit":"","ocean_menu_typo_spacing":0,"ocean_menu_typo_spacing_tablet":0,"ocean_menu_typo_spacing_mobile":0,"ocean_menu_typo_spacing_unit":"","ocean_menu_link_color":"","ocean_menu_link_color_hover":"","ocean_menu_link_color_active":"","ocean_menu_link_background":"","ocean_menu_link_hover_background":"","ocean_menu_link_active_background":"","ocean_menu_social_links_bg":"","ocean_menu_social_hover_links_bg":"","ocean_menu_social_links_color":"","ocean_menu_social_hover_links_color":"","ocean_disable_title":"default","ocean_disable_heading":"default","ocean_post_title":"","ocean_post_subheading":"","ocean_post_title_style":"","ocean_post_title_background_color":"","ocean_post_title_background":0,"ocean_post_title_bg_image_position":"","ocean_post_title_bg_image_attachment":"","ocean_post_title_bg_image_repeat":"","ocean_post_title_bg_image_size":"","ocean_post_title_height":0,"ocean_post_title_bg_overlay":0.5,"ocean_post_title_bg_overlay_color":"","ocean_disable_breadcrumbs":"default","ocean_breadcrumbs_color":"","ocean_breadcrumbs_separator_color":"","ocean_breadcrumbs_links_color":"","ocean_breadcrumbs_links_hover_color":"","ocean_display_footer_widgets":"default","ocean_display_footer_bottom":"default","ocean_custom_footer_template":"","_joinchat":[],"footnotes":""},"class_list":["post-691","page","type-page","status-publish","hentry","entry","owp-thumbs-layout-horizontal","owp-btn-normal","owp-tabs-layout-horizontal","has-no-thumbnails","has-product-nav"],"yoast_head":"<!-- This site is optimized with the Yoast SEO plugin v27.4 - https:\/\/yoast.com\/product\/yoast-seo-wordpress\/ -->\n<title>Transfert A\u00e9roport\/Gare - Taxi Bordeaux | Driver Wine tour | R\u00e9servation Taxi<\/title>\n<meta name=\"robots\" content=\"index, follow, max-snippet:-1, max-image-preview:large, max-video-preview:-1\" \/>\n<link rel=\"canonical\" href=\"https:\/\/taxivtc33.fr\/en\/transfert-aeroport-gare\/\" \/>\n<meta property=\"og:locale\" content=\"en_US\" \/>\n<meta property=\"og:type\" content=\"article\" \/>\n<meta property=\"og:title\" content=\"Transfert A\u00e9roport\/Gare - Taxi Bordeaux | Driver Wine tour | R\u00e9servation Taxi\" \/>\n<meta property=\"og:description\" content=\"Transfert A\u00e9roport M\u00e9rignac\/Gare Saint-jean Lorsque vous voyagez entre la gare et l&rsquo;a\u00e9roport \u00e0 Bordeaux, notre service de transfert vous garantit une exp\u00e9rience fiable et professionnelle \u00e0 chaque \u00e9tape du trajet. Nos chauffeurs, r\u00e9put\u00e9s pour leur ponctualit\u00e9 et leur professionnalisme, vous accueilleront \u00e0 l&rsquo;heure convenue, vous assurant ainsi un d\u00e9part en toute tranquillit\u00e9. Leur connaissance approfondie [&hellip;]\" \/>\n<meta property=\"og:url\" content=\"https:\/\/taxivtc33.fr\/en\/transfert-aeroport-gare\/\" \/>\n<meta property=\"og:site_name\" content=\"Taxi Bordeaux | Driver Wine tour | R\u00e9servation Taxi\" \/>\n<meta property=\"article:modified_time\" content=\"2024-05-01T20:54:41+00:00\" \/>\n<meta property=\"og:image\" content=\"https:\/\/taxivtc33.fr\/wp-content\/uploads\/2024\/05\/shutterstock_748641562-1024x683.jpg\" \/>\n<meta name=\"twitter:card\" content=\"summary_large_image\" \/>\n<meta name=\"twitter:label1\" content=\"Est. reading time\" \/>\n\t<meta name=\"twitter:data1\" content=\"1 minute\" \/>\n<script type=\"application\/ld+json\" class=\"yoast-schema-graph\">{\"@context\":\"https:\\\/\\\/schema.org\",\"@graph\":[{\"@type\":\"WebPage\",\"@id\":\"https:\\\/\\\/taxivtc33.fr\\\/transfert-aeroport-gare\\\/\",\"url\":\"https:\\\/\\\/taxivtc33.fr\\\/transfert-aeroport-gare\\\/\",\"name\":\"Transfert A\u00e9roport\\\/Gare - Taxi Bordeaux | Driver Wine tour | R\u00e9servation Taxi\",\"isPartOf\":{\"@id\":\"https:\\\/\\\/taxivtc33.fr\\\/#website\"},\"primaryImageOfPage\":{\"@id\":\"https:\\\/\\\/taxivtc33.fr\\\/transfert-aeroport-gare\\\/#primaryimage\"},\"image\":{\"@id\":\"https:\\\/\\\/taxivtc33.fr\\\/transfert-aeroport-gare\\\/#primaryimage\"},\"thumbnailUrl\":\"https:\\\/\\\/taxivtc33.fr\\\/wp-content\\\/uploads\\\/2024\\\/05\\\/shutterstock_748641562-1024x683.jpg\",\"datePublished\":\"2024-05-01T20:43:10+00:00\",\"dateModified\":\"2024-05-01T20:54:41+00:00\",\"breadcrumb\":{\"@id\":\"https:\\\/\\\/taxivtc33.fr\\\/transfert-aeroport-gare\\\/#breadcrumb\"},\"inLanguage\":\"en-US\",\"potentialAction\":[{\"@type\":\"ReadAction\",\"target\":[\"https:\\\/\\\/taxivtc33.fr\\\/transfert-aeroport-gare\\\/\"]}]},{\"@type\":\"ImageObject\",\"inLanguage\":\"en-US\",\"@id\":\"https:\\\/\\\/taxivtc33.fr\\\/transfert-aeroport-gare\\\/#primaryimage\",\"url\":\"https:\\\/\\\/taxivtc33.fr\\\/wp-content\\\/uploads\\\/2024\\\/05\\\/shutterstock_748641562-1024x683.jpg\",\"contentUrl\":\"https:\\\/\\\/taxivtc33.fr\\\/wp-content\\\/uploads\\\/2024\\\/05\\\/shutterstock_748641562-1024x683.jpg\"},{\"@type\":\"BreadcrumbList\",\"@id\":\"https:\\\/\\\/taxivtc33.fr\\\/transfert-aeroport-gare\\\/#breadcrumb\",\"itemListElement\":[{\"@type\":\"ListItem\",\"position\":1,\"name\":\"Accueil\",\"item\":\"https:\\\/\\\/taxivtc33.fr\\\/\"},{\"@type\":\"ListItem\",\"position\":2,\"name\":\"Transfert A\u00e9roport\\\/Gare\"}]},{\"@type\":\"WebSite\",\"@id\":\"https:\\\/\\\/taxivtc33.fr\\\/#website\",\"url\":\"https:\\\/\\\/taxivtc33.fr\\\/\",\"name\":\"Taxi Bordeaux | Driver Wine tour | R\u00e9servation Taxi\",\"description\":\"R\u00e9servation Taxi pour tous types de trajets, transfert a\u00e9roport bordeaux m\u00e9rignac , transfert gare saint jean de bordeaux , trajet en ville ou mise \u00e0 disposition , nos chauffeurs sont disponibles 24h\\\/24 et 7j\\\/7\",\"publisher\":{\"@id\":\"https:\\\/\\\/taxivtc33.fr\\\/#organization\"},\"potentialAction\":[{\"@type\":\"SearchAction\",\"target\":{\"@type\":\"EntryPoint\",\"urlTemplate\":\"https:\\\/\\\/taxivtc33.fr\\\/?s={search_term_string}\"},\"query-input\":{\"@type\":\"PropertyValueSpecification\",\"valueRequired\":true,\"valueName\":\"search_term_string\"}}],\"inLanguage\":\"en-US\"},{\"@type\":\"Organization\",\"@id\":\"https:\\\/\\\/taxivtc33.fr\\\/#organization\",\"name\":\"Taxi Bordeaux | Driver Wine tour | R\u00e9servation Taxi\",\"url\":\"https:\\\/\\\/taxivtc33.fr\\\/\",\"logo\":{\"@type\":\"ImageObject\",\"inLanguage\":\"en-US\",\"@id\":\"https:\\\/\\\/taxivtc33.fr\\\/#\\\/schema\\\/logo\\\/image\\\/\",\"url\":\"https:\\\/\\\/taxivtc33.fr\\\/wp-content\\\/uploads\\\/2024\\\/06\\\/cropped-VTC-GIRONDE.png\",\"contentUrl\":\"https:\\\/\\\/taxivtc33.fr\\\/wp-content\\\/uploads\\\/2024\\\/06\\\/cropped-VTC-GIRONDE.png\",\"width\":500,\"height\":381,\"caption\":\"Taxi Bordeaux | Driver Wine tour | R\u00e9servation Taxi\"},\"image\":{\"@id\":\"https:\\\/\\\/taxivtc33.fr\\\/#\\\/schema\\\/logo\\\/image\\\/\"}}]}<\/script>\n<!-- \/ Yoast SEO plugin. -->","yoast_head_json":{"title":"Transfert A\u00e9roport\/Gare - Taxi Bordeaux | Driver Wine tour | R\u00e9servation Taxi","robots":{"index":"index","follow":"follow","max-snippet":"max-snippet:-1","max-image-preview":"max-image-preview:large","max-video-preview":"max-video-preview:-1"},"canonical":"https:\/\/taxivtc33.fr\/en\/transfert-aeroport-gare\/","og_locale":"en_US","og_type":"article","og_title":"Transfert A\u00e9roport\/Gare - Taxi Bordeaux | Driver Wine tour | R\u00e9servation Taxi","og_description":"Transfert A\u00e9roport M\u00e9rignac\/Gare Saint-jean Lorsque vous voyagez entre la gare et l&rsquo;a\u00e9roport \u00e0 Bordeaux, notre service de transfert vous garantit une exp\u00e9rience fiable et professionnelle \u00e0 chaque \u00e9tape du trajet. Nos chauffeurs, r\u00e9put\u00e9s pour leur ponctualit\u00e9 et leur professionnalisme, vous accueilleront \u00e0 l&rsquo;heure convenue, vous assurant ainsi un d\u00e9part en toute tranquillit\u00e9. Leur connaissance approfondie [&hellip;]","og_url":"https:\/\/taxivtc33.fr\/en\/transfert-aeroport-gare\/","og_site_name":"Taxi Bordeaux | Driver Wine tour | R\u00e9servation Taxi","article_modified_time":"2024-05-01T20:54:41+00:00","og_image":[{"url":"https:\/\/taxivtc33.fr\/wp-content\/uploads\/2024\/05\/shutterstock_748641562-1024x683.jpg","type":"","width":"","height":""}],"twitter_card":"summary_large_image","twitter_misc":{"Est. reading time":"1 minute"},"schema":{"@context":"https:\/\/schema.org","@graph":[{"@type":"WebPage","@id":"https:\/\/taxivtc33.fr\/transfert-aeroport-gare\/","url":"https:\/\/taxivtc33.fr\/transfert-aeroport-gare\/","name":"Transfert A\u00e9roport\/Gare - Taxi Bordeaux | Driver Wine tour | R\u00e9servation Taxi","isPartOf":{"@id":"https:\/\/taxivtc33.fr\/#website"},"primaryImageOfPage":{"@id":"https:\/\/taxivtc33.fr\/transfert-aeroport-gare\/#primaryimage"},"image":{"@id":"https:\/\/taxivtc33.fr\/transfert-aeroport-gare\/#primaryimage"},"thumbnailUrl":"https:\/\/taxivtc33.fr\/wp-content\/uploads\/2024\/05\/shutterstock_748641562-1024x683.jpg","datePublished":"2024-05-01T20:43:10+00:00","dateModified":"2024-05-01T20:54:41+00:00","breadcrumb":{"@id":"https:\/\/taxivtc33.fr\/transfert-aeroport-gare\/#breadcrumb"},"inLanguage":"en-US","potentialAction":[{"@type":"ReadAction","target":["https:\/\/taxivtc33.fr\/transfert-aeroport-gare\/"]}]},{"@type":"ImageObject","inLanguage":"en-US","@id":"https:\/\/taxivtc33.fr\/transfert-aeroport-gare\/#primaryimage","url":"https:\/\/taxivtc33.fr\/wp-content\/uploads\/2024\/05\/shutterstock_748641562-1024x683.jpg","contentUrl":"https:\/\/taxivtc33.fr\/wp-content\/uploads\/2024\/05\/shutterstock_748641562-1024x683.jpg"},{"@type":"BreadcrumbList","@id":"https:\/\/taxivtc33.fr\/transfert-aeroport-gare\/#breadcrumb","itemListElement":[{"@type":"ListItem","position":1,"name":"Accueil","item":"https:\/\/taxivtc33.fr\/"},{"@type":"ListItem","position":2,"name":"Transfert A\u00e9roport\/Gare"}]},{"@type":"WebSite","@id":"https:\/\/taxivtc33.fr\/#website","url":"https:\/\/taxivtc33.fr\/","name":"Taxi Bordeaux | Driver Wine tour | R\u00e9servation Taxi","description":"R\u00e9servation Taxi pour tous types de trajets, transfert a\u00e9roport bordeaux m\u00e9rignac , transfert gare saint jean de bordeaux , trajet en ville ou mise \u00e0 disposition , nos chauffeurs sont disponibles 24h\/24 et 7j\/7","publisher":{"@id":"https:\/\/taxivtc33.fr\/#organization"},"potentialAction":[{"@type":"SearchAction","target":{"@type":"EntryPoint","urlTemplate":"https:\/\/taxivtc33.fr\/?s={search_term_string}"},"query-input":{"@type":"PropertyValueSpecification","valueRequired":true,"valueName":"search_term_string"}}],"inLanguage":"en-US"},{"@type":"Organization","@id":"https:\/\/taxivtc33.fr\/#organization","name":"Taxi Bordeaux | Driver Wine tour | R\u00e9servation Taxi","url":"https:\/\/taxivtc33.fr\/","logo":{"@type":"ImageObject","inLanguage":"en-US","@id":"https:\/\/taxivtc33.fr\/#\/schema\/logo\/image\/","url":"https:\/\/taxivtc33.fr\/wp-content\/uploads\/2024\/06\/cropped-VTC-GIRONDE.png","contentUrl":"https:\/\/taxivtc33.fr\/wp-content\/uploads\/2024\/06\/cropped-VTC-GIRONDE.png","width":500,"height":381,"caption":"Taxi Bordeaux | Driver Wine tour | R\u00e9servation Taxi"},"image":{"@id":"https:\/\/taxivtc33.fr\/#\/schema\/logo\/image\/"}}]}},"uagb_featured_image_src":{"full":false,"thumbnail":false,"medium":false,"medium_large":false,"large":false,"1536x1536":false,"2048x2048":false,"trp-custom-language-flag":false,"ocean-thumb-m":false,"ocean-thumb-ml":false,"ocean-thumb-l":false,"woocommerce_thumbnail":false,"woocommerce_single":false,"woocommerce_gallery_thumbnail":false},"uagb_author_info":{"display_name":"taxivtc33.fr","author_link":"https:\/\/taxivtc33.fr\/en\/author\/taxivtc33-fr\/"},"uagb_comment_info":0,"uagb_excerpt":"Transfert A\u00e9roport M\u00e9rignac\/Gare Saint-jean Lorsque vous voyagez entre la gare et l&rsquo;a\u00e9roport \u00e0 Bordeaux, notre service de transfert vous garantit une exp\u00e9rience fiable et professionnelle \u00e0 chaque \u00e9tape du trajet. Nos chauffeurs, r\u00e9put\u00e9s pour leur ponctualit\u00e9 et leur professionnalisme, vous accueilleront \u00e0 l&rsquo;heure convenue, vous assurant ainsi un d\u00e9part en toute tranquillit\u00e9. Leur connaissance approfondie&hellip;","_links":{"self":[{"href":"https:\/\/taxivtc33.fr\/en\/wp-json\/wp\/v2\/pages\/691","targetHints":{"allow":["GET"]}}],"collection":[{"href":"https:\/\/taxivtc33.fr\/en\/wp-json\/wp\/v2\/pages"}],"about":[{"href":"https:\/\/taxivtc33.fr\/en\/wp-json\/wp\/v2\/types\/page"}],"author":[{"embeddable":true,"href":"https:\/\/taxivtc33.fr\/en\/wp-json\/wp\/v2\/users\/1"}],"replies":[{"embeddable":true,"href":"https:\/\/taxivtc33.fr\/en\/wp-json\/wp\/v2\/comments?post=691"}],"version-history":[{"count":13,"href":"https:\/\/taxivtc33.fr\/en\/wp-json\/wp\/v2\/pages\/691\/revisions"}],"predecessor-version":[{"id":710,"href":"https:\/\/taxivtc33.fr\/en\/wp-json\/wp\/v2\/pages\/691\/revisions\/710"}],"wp:attachment":[{"href":"https:\/\/taxivtc33.fr\/en\/wp-json\/wp\/v2\/media?parent=691"}],"curies":[{"name":"wp","href":"https:\/\/api.w.org\/{rel}","templated":true}]}}