{"id":1596,"date":"2025-04-28T22:28:40","date_gmt":"2025-04-28T20:28:40","guid":{"rendered":"https:\/\/taxivtc33.fr\/panier\/"},"modified":"2025-04-28T23:05:38","modified_gmt":"2025-04-28T21:05:38","slug":"panier","status":"publish","type":"page","link":"https:\/\/taxivtc33.fr\/en\/panier\/","title":{"rendered":"Panier"},"content":{"rendered":"<div data-block-name=\"woocommerce\/cart\" class=\"wp-block-woocommerce-cart alignwide is-loading\">\n<div data-block-name=\"woocommerce\/filled-cart-block\" class=\"wp-block-woocommerce-filled-cart-block\">\n<div data-block-name=\"woocommerce\/cart-items-block\" class=\"wp-block-woocommerce-cart-items-block\">\n<div data-block-name=\"woocommerce\/cart-line-items-block\" class=\"wp-block-woocommerce-cart-line-items-block\"><\/div>\n\n\n\n<div data-block-name=\"woocommerce\/cart-cross-sells-block\" class=\"wp-block-woocommerce-cart-cross-sells-block\">\n<h2 class=\"wp-block-heading has-large-font-size\">\u00c7a peut vous int\u00e9resser&#8230;<\/h2>\n\n\n\n<div data-block-name=\"woocommerce\/cart-cross-sells-products-block\" class=\"wp-block-woocommerce-cart-cross-sells-products-block\"><\/div>\n<\/div>\n<\/div>\n\n\n\n<div data-block-name=\"woocommerce\/cart-totals-block\" class=\"wp-block-woocommerce-cart-totals-block\">\n<div data-block-name=\"woocommerce\/cart-order-summary-block\" class=\"wp-block-woocommerce-cart-order-summary-block\">\n<div data-block-name=\"woocommerce\/cart-order-summary-heading-block\" class=\"wp-block-woocommerce-cart-order-summary-heading-block\"><\/div><div data-block-name=\"woocommerce\/cart-order-summary-coupon-form-block\" class=\"wp-block-woocommerce-cart-order-summary-coupon-form-block\"><\/div><div data-block-name=\"woocommerce\/cart-order-summary-totals-block\" class=\"wp-block-woocommerce-cart-order-summary-totals-block\">\n<div data-block-name=\"woocommerce\/cart-order-summary-subtotal-block\" class=\"wp-block-woocommerce-cart-order-summary-subtotal-block\"><\/div>\n<div data-block-name=\"woocommerce\/cart-order-summary-discount-block\" class=\"wp-block-woocommerce-cart-order-summary-discount-block\"><\/div>\n<div data-block-name=\"woocommerce\/cart-order-summary-fee-block\" class=\"wp-block-woocommerce-cart-order-summary-fee-block\"><\/div>\n<div data-block-name=\"woocommerce\/cart-order-summary-shipping-block\" class=\"wp-block-woocommerce-cart-order-summary-shipping-block\"><\/div>\n<div data-block-name=\"woocommerce\/cart-order-summary-taxes-block\" class=\"wp-block-woocommerce-cart-order-summary-taxes-block\"><\/div><\/div>\n<\/div>\n\n\n\n<div data-block-name=\"woocommerce\/cart-express-payment-block\" class=\"wp-block-woocommerce-cart-express-payment-block\"><\/div>\n\n\n\n<div data-block-name=\"woocommerce\/proceed-to-checkout-block\" class=\"wp-block-woocommerce-proceed-to-checkout-block\"><\/div>\n\n\n\n<div data-block-name=\"woocommerce\/cart-accepted-payment-methods-block\" class=\"wp-block-woocommerce-cart-accepted-payment-methods-block\"><\/div>\n<\/div>\n<\/div>\n\n\n\n<div data-block-name=\"woocommerce\/empty-cart-block\" class=\"wp-block-woocommerce-empty-cart-block\">\n<h2 class=\"wp-block-heading has-text-align-center with-empty-cart-icon wc-block-cart__empty-cart__title\">Votre panier est actuellement vide\u00a0!<\/h2>\n\n\n\n<hr class=\"wp-block-separator has-alpha-channel-opacity is-style-dots\"\/>\n\n\n\n<h2 class=\"wp-block-heading has-text-align-center\">Nouveau dans la boutique<\/h2>\n\n\n<\/div>\n<\/div>","protected":false},"excerpt":{"rendered":"","protected":false},"author":1,"featured_media":0,"parent":0,"menu_order":0,"comment_status":"closed","ping_status":"closed","template":"","meta":{"_uag_custom_page_level_css":"","ocean_post_layout":"","ocean_both_sidebars_style":"","ocean_both_sidebars_content_width":0,"ocean_both_sidebars_sidebars_width":0,"ocean_sidebar":"","ocean_second_sidebar":"","ocean_disable_margins":"enable","ocean_add_body_class":"","ocean_shortcode_before_top_bar":"","ocean_shortcode_after_top_bar":"","ocean_shortcode_before_header":"","ocean_shortcode_after_header":"","ocean_has_shortcode":"","ocean_shortcode_after_title":"","ocean_shortcode_before_footer_widgets":"","ocean_shortcode_after_footer_widgets":"","ocean_shortcode_before_footer_bottom":"","ocean_shortcode_after_footer_bottom":"","ocean_display_top_bar":"default","ocean_display_header":"default","ocean_header_style":"","ocean_center_header_left_menu":"","ocean_custom_header_template":"","ocean_custom_logo":0,"ocean_custom_retina_logo":0,"ocean_custom_logo_max_width":0,"ocean_custom_logo_tablet_max_width":0,"ocean_custom_logo_mobile_max_width":0,"ocean_custom_logo_max_height":0,"ocean_custom_logo_tablet_max_height":0,"ocean_custom_logo_mobile_max_height":0,"ocean_header_custom_menu":"","ocean_menu_typo_font_family":"","ocean_menu_typo_font_subset":"","ocean_menu_typo_font_size":0,"ocean_menu_typo_font_size_tablet":0,"ocean_menu_typo_font_size_mobile":0,"ocean_menu_typo_font_size_unit":"px","ocean_menu_typo_font_weight":"","ocean_menu_typo_font_weight_tablet":"","ocean_menu_typo_font_weight_mobile":"","ocean_menu_typo_transform":"","ocean_menu_typo_transform_tablet":"","ocean_menu_typo_transform_mobile":"","ocean_menu_typo_line_height":0,"ocean_menu_typo_line_height_tablet":0,"ocean_menu_typo_line_height_mobile":0,"ocean_menu_typo_line_height_unit":"","ocean_menu_typo_spacing":0,"ocean_menu_typo_spacing_tablet":0,"ocean_menu_typo_spacing_mobile":0,"ocean_menu_typo_spacing_unit":"","ocean_menu_link_color":"","ocean_menu_link_color_hover":"","ocean_menu_link_color_active":"","ocean_menu_link_background":"","ocean_menu_link_hover_background":"","ocean_menu_link_active_background":"","ocean_menu_social_links_bg":"","ocean_menu_social_hover_links_bg":"","ocean_menu_social_links_color":"","ocean_menu_social_hover_links_color":"","ocean_disable_title":"default","ocean_disable_heading":"default","ocean_post_title":"","ocean_post_subheading":"","ocean_post_title_style":"","ocean_post_title_background_color":"","ocean_post_title_background":0,"ocean_post_title_bg_image_position":"","ocean_post_title_bg_image_attachment":"","ocean_post_title_bg_image_repeat":"","ocean_post_title_bg_image_size":"","ocean_post_title_height":0,"ocean_post_title_bg_overlay":0.5,"ocean_post_title_bg_overlay_color":"","ocean_disable_breadcrumbs":"default","ocean_breadcrumbs_color":"","ocean_breadcrumbs_separator_color":"","ocean_breadcrumbs_links_color":"","ocean_breadcrumbs_links_hover_color":"","ocean_display_footer_widgets":"default","ocean_display_footer_bottom":"default","ocean_custom_footer_template":"","_joinchat":[],"footnotes":""},"class_list":["post-1596","page","type-page","status-publish","hentry","entry","owp-thumbs-layout-horizontal","owp-btn-normal","owp-tabs-layout-horizontal","has-no-thumbnails","has-product-nav"],"yoast_head":"<!-- This site is optimized with the Yoast SEO plugin v27.4 - https:\/\/yoast.com\/product\/yoast-seo-wordpress\/ -->\n<title>Panier - Taxi Bordeaux | Driver Wine tour | R\u00e9servation Taxi<\/title>\n<meta name=\"robots\" content=\"index, follow, max-snippet:-1, max-image-preview:large, max-video-preview:-1\" \/>\n<link rel=\"canonical\" href=\"https:\/\/taxivtc33.fr\/en\/panier\/\" \/>\n<meta property=\"og:locale\" content=\"en_US\" \/>\n<meta property=\"og:type\" content=\"article\" \/>\n<meta property=\"og:title\" content=\"Panier - Taxi Bordeaux | Driver Wine tour | R\u00e9servation Taxi\" \/>\n<meta property=\"og:url\" content=\"https:\/\/taxivtc33.fr\/en\/panier\/\" \/>\n<meta property=\"og:site_name\" content=\"Taxi Bordeaux | Driver Wine tour | R\u00e9servation Taxi\" \/>\n<meta property=\"article:modified_time\" content=\"2025-04-28T21:05:38+00:00\" \/>\n<meta name=\"twitter:card\" content=\"summary_large_image\" \/>\n<script type=\"application\/ld+json\" class=\"yoast-schema-graph\">{\"@context\":\"https:\\\/\\\/schema.org\",\"@graph\":[{\"@type\":\"WebPage\",\"@id\":\"https:\\\/\\\/taxivtc33.fr\\\/panier\\\/\",\"url\":\"https:\\\/\\\/taxivtc33.fr\\\/panier\\\/\",\"name\":\"Panier - Taxi Bordeaux | Driver Wine tour | R\u00e9servation Taxi\",\"isPartOf\":{\"@id\":\"https:\\\/\\\/taxivtc33.fr\\\/#website\"},\"datePublished\":\"2025-04-28T20:28:40+00:00\",\"dateModified\":\"2025-04-28T21:05:38+00:00\",\"breadcrumb\":{\"@id\":\"https:\\\/\\\/taxivtc33.fr\\\/panier\\\/#breadcrumb\"},\"inLanguage\":\"en-US\",\"potentialAction\":[{\"@type\":\"ReadAction\",\"target\":[\"https:\\\/\\\/taxivtc33.fr\\\/panier\\\/\"]}]},{\"@type\":\"BreadcrumbList\",\"@id\":\"https:\\\/\\\/taxivtc33.fr\\\/panier\\\/#breadcrumb\",\"itemListElement\":[{\"@type\":\"ListItem\",\"position\":1,\"name\":\"Accueil\",\"item\":\"https:\\\/\\\/taxivtc33.fr\\\/\"},{\"@type\":\"ListItem\",\"position\":2,\"name\":\"Panier\"}]},{\"@type\":\"WebSite\",\"@id\":\"https:\\\/\\\/taxivtc33.fr\\\/#website\",\"url\":\"https:\\\/\\\/taxivtc33.fr\\\/\",\"name\":\"Taxi Bordeaux | Driver Wine tour | R\u00e9servation Taxi\",\"description\":\"R\u00e9servation Taxi pour tous types de trajets, transfert a\u00e9roport bordeaux m\u00e9rignac , transfert gare saint jean de bordeaux , trajet en ville ou mise \u00e0 disposition , nos chauffeurs sont disponibles 24h\\\/24 et 7j\\\/7\",\"publisher\":{\"@id\":\"https:\\\/\\\/taxivtc33.fr\\\/#organization\"},\"potentialAction\":[{\"@type\":\"SearchAction\",\"target\":{\"@type\":\"EntryPoint\",\"urlTemplate\":\"https:\\\/\\\/taxivtc33.fr\\\/?s={search_term_string}\"},\"query-input\":{\"@type\":\"PropertyValueSpecification\",\"valueRequired\":true,\"valueName\":\"search_term_string\"}}],\"inLanguage\":\"en-US\"},{\"@type\":\"Organization\",\"@id\":\"https:\\\/\\\/taxivtc33.fr\\\/#organization\",\"name\":\"Taxi Bordeaux | Driver Wine tour | R\u00e9servation Taxi\",\"url\":\"https:\\\/\\\/taxivtc33.fr\\\/\",\"logo\":{\"@type\":\"ImageObject\",\"inLanguage\":\"en-US\",\"@id\":\"https:\\\/\\\/taxivtc33.fr\\\/#\\\/schema\\\/logo\\\/image\\\/\",\"url\":\"https:\\\/\\\/taxivtc33.fr\\\/wp-content\\\/uploads\\\/2024\\\/06\\\/cropped-VTC-GIRONDE.png\",\"contentUrl\":\"https:\\\/\\\/taxivtc33.fr\\\/wp-content\\\/uploads\\\/2024\\\/06\\\/cropped-VTC-GIRONDE.png\",\"width\":500,\"height\":381,\"caption\":\"Taxi Bordeaux | Driver Wine tour | R\u00e9servation Taxi\"},\"image\":{\"@id\":\"https:\\\/\\\/taxivtc33.fr\\\/#\\\/schema\\\/logo\\\/image\\\/\"}}]}<\/script>\n<!-- \/ Yoast SEO plugin. -->","yoast_head_json":{"title":"Panier - Taxi Bordeaux | Driver Wine tour | R\u00e9servation Taxi","robots":{"index":"index","follow":"follow","max-snippet":"max-snippet:-1","max-image-preview":"max-image-preview:large","max-video-preview":"max-video-preview:-1"},"canonical":"https:\/\/taxivtc33.fr\/en\/panier\/","og_locale":"en_US","og_type":"article","og_title":"Panier - Taxi Bordeaux | Driver Wine tour | R\u00e9servation Taxi","og_url":"https:\/\/taxivtc33.fr\/en\/panier\/","og_site_name":"Taxi Bordeaux | Driver Wine tour | R\u00e9servation Taxi","article_modified_time":"2025-04-28T21:05:38+00:00","twitter_card":"summary_large_image","schema":{"@context":"https:\/\/schema.org","@graph":[{"@type":"WebPage","@id":"https:\/\/taxivtc33.fr\/panier\/","url":"https:\/\/taxivtc33.fr\/panier\/","name":"Panier - Taxi Bordeaux | Driver Wine tour | R\u00e9servation Taxi","isPartOf":{"@id":"https:\/\/taxivtc33.fr\/#website"},"datePublished":"2025-04-28T20:28:40+00:00","dateModified":"2025-04-28T21:05:38+00:00","breadcrumb":{"@id":"https:\/\/taxivtc33.fr\/panier\/#breadcrumb"},"inLanguage":"en-US","potentialAction":[{"@type":"ReadAction","target":["https:\/\/taxivtc33.fr\/panier\/"]}]},{"@type":"BreadcrumbList","@id":"https:\/\/taxivtc33.fr\/panier\/#breadcrumb","itemListElement":[{"@type":"ListItem","position":1,"name":"Accueil","item":"https:\/\/taxivtc33.fr\/"},{"@type":"ListItem","position":2,"name":"Panier"}]},{"@type":"WebSite","@id":"https:\/\/taxivtc33.fr\/#website","url":"https:\/\/taxivtc33.fr\/","name":"Taxi Bordeaux | Driver Wine tour | R\u00e9servation Taxi","description":"R\u00e9servation Taxi pour tous types de trajets, transfert a\u00e9roport bordeaux m\u00e9rignac , transfert gare saint jean de bordeaux , trajet en ville ou mise \u00e0 disposition , nos chauffeurs sont disponibles 24h\/24 et 7j\/7","publisher":{"@id":"https:\/\/taxivtc33.fr\/#organization"},"potentialAction":[{"@type":"SearchAction","target":{"@type":"EntryPoint","urlTemplate":"https:\/\/taxivtc33.fr\/?s={search_term_string}"},"query-input":{"@type":"PropertyValueSpecification","valueRequired":true,"valueName":"search_term_string"}}],"inLanguage":"en-US"},{"@type":"Organization","@id":"https:\/\/taxivtc33.fr\/#organization","name":"Taxi Bordeaux | Driver Wine tour | R\u00e9servation Taxi","url":"https:\/\/taxivtc33.fr\/","logo":{"@type":"ImageObject","inLanguage":"en-US","@id":"https:\/\/taxivtc33.fr\/#\/schema\/logo\/image\/","url":"https:\/\/taxivtc33.fr\/wp-content\/uploads\/2024\/06\/cropped-VTC-GIRONDE.png","contentUrl":"https:\/\/taxivtc33.fr\/wp-content\/uploads\/2024\/06\/cropped-VTC-GIRONDE.png","width":500,"height":381,"caption":"Taxi Bordeaux | Driver Wine tour | R\u00e9servation Taxi"},"image":{"@id":"https:\/\/taxivtc33.fr\/#\/schema\/logo\/image\/"}}]}},"uagb_featured_image_src":{"full":false,"thumbnail":false,"medium":false,"medium_large":false,"large":false,"1536x1536":false,"2048x2048":false,"trp-custom-language-flag":false,"ocean-thumb-m":false,"ocean-thumb-ml":false,"ocean-thumb-l":false,"woocommerce_thumbnail":false,"woocommerce_single":false,"woocommerce_gallery_thumbnail":false},"uagb_author_info":{"display_name":"taxivtc33.fr","author_link":"https:\/\/taxivtc33.fr\/en\/author\/taxivtc33-fr\/"},"uagb_comment_info":0,"uagb_excerpt":null,"_links":{"self":[{"href":"https:\/\/taxivtc33.fr\/en\/wp-json\/wp\/v2\/pages\/1596","targetHints":{"allow":["GET"]}}],"collection":[{"href":"https:\/\/taxivtc33.fr\/en\/wp-json\/wp\/v2\/pages"}],"about":[{"href":"https:\/\/taxivtc33.fr\/en\/wp-json\/wp\/v2\/types\/page"}],"author":[{"embeddable":true,"href":"https:\/\/taxivtc33.fr\/en\/wp-json\/wp\/v2\/users\/1"}],"replies":[{"embeddable":true,"href":"https:\/\/taxivtc33.fr\/en\/wp-json\/wp\/v2\/comments?post=1596"}],"version-history":[{"count":1,"href":"https:\/\/taxivtc33.fr\/en\/wp-json\/wp\/v2\/pages\/1596\/revisions"}],"predecessor-version":[{"id":1676,"href":"https:\/\/taxivtc33.fr\/en\/wp-json\/wp\/v2\/pages\/1596\/revisions\/1676"}],"wp:attachment":[{"href":"https:\/\/taxivtc33.fr\/en\/wp-json\/wp\/v2\/media?parent=1596"}],"curies":[{"name":"wp","href":"https:\/\/api.w.org\/{rel}","templated":true}]}}